{"id":15994,"date":"2021-01-27T07:01:55","date_gmt":"2021-01-27T06:01:55","guid":{"rendered":"https:\/\/efecomunica.efe.com\/?page_id=15994"},"modified":"2026-03-16T11:56:52","modified_gmt":"2026-03-16T10:56:52","slug":"eventos","status":"publish","type":"page","link":"https:\/\/efecomunica.efe.com\/pt-pt\/eventos\/","title":{"rendered":"Eventos"},"content":{"rendered":"\t\t<div data-elementor-type=\"wp-page\" data-elementor-id=\"15994\" class=\"elementor elementor-15994\" data-elementor-post-type=\"page\">\n\t\t\t\t<div class=\"elementor-element elementor-element-6c67877 e-flex e-con-boxed e-con e-parent\" data-id=\"6c67877\" data-element_type=\"container\" data-e-type=\"container\" data-settings=\"{&quot;background_background&quot;:&quot;classic&quot;}\">\n\t\t\t\t\t<div class=\"e-con-inner\">\n\t\t\t\t<div class=\"elementor-element elementor-element-6fa9c95 elementor-widget elementor-widget-heading\" data-id=\"6fa9c95\" data-element_type=\"widget\" data-e-type=\"widget\" data-widget_type=\"heading.default\">\n\t\t\t\t<div class=\"elementor-widget-container\">\n\t\t\t\t\t<h2 class=\"elementor-heading-title elementor-size-default\">Eventos<\/h2>\t\t\t\t<\/div>\n\t\t\t\t<\/div>\n\t\t\t\t\t<\/div>\n\t\t\t\t<\/div>\n\t\t<div class=\"elementor-element elementor-element-9e1d4e0 servicios e-flex e-con-boxed e-con e-parent\" data-id=\"9e1d4e0\" data-element_type=\"container\" data-e-type=\"container\" data-settings=\"{&quot;background_background&quot;:&quot;classic&quot;}\">\n\t\t\t\t\t<div class=\"e-con-inner\">\n\t\t\t\t<div class=\"elementor-element elementor-element-965aeba elementor-position-left elementor-vertical-align-middle elementor-widget elementor-widget-image-box\" data-id=\"965aeba\" data-element_type=\"widget\" data-e-type=\"widget\" data-widget_type=\"image-box.default\">\n\t\t\t\t<div class=\"elementor-widget-container\">\n\t\t\t\t\t<div class=\"elementor-image-box-wrapper\"><figure class=\"elementor-image-box-img\"><img fetchpriority=\"high\" decoding=\"async\" data-attachment-id=\"214013\" data-permalink=\"https:\/\/efecomunica.efe.com\/pt-pt\/efespthirteen337434-1-jpg\/\" data-orig-file=\"https:\/\/efecomunica.efe.com\/wp-content\/uploads\/2026\/03\/efespthirteen337434-1-1.jpg\" data-orig-size=\"2000,1333\" data-comments-opened=\"0\" data-image-meta=\"{&quot;aperture&quot;:&quot;0&quot;,&quot;credit&quot;:&quot;&quot;,&quot;camera&quot;:&quot;&quot;,&quot;caption&quot;:&quot;&quot;,&quot;created_timestamp&quot;:&quot;0&quot;,&quot;copyright&quot;:&quot;&quot;,&quot;focal_length&quot;:&quot;0&quot;,&quot;iso&quot;:&quot;0&quot;,&quot;shutter_speed&quot;:&quot;0&quot;,&quot;title&quot;:&quot;&quot;,&quot;orientation&quot;:&quot;0&quot;}\" data-image-title=\"efespthirteen337434-1.jpg\" data-image-description=\"\" data-image-caption=\"\" data-large-file=\"https:\/\/efecomunica.efe.com\/wp-content\/uploads\/2026\/03\/efespthirteen337434-1-1-1024x682.jpg\" width=\"2000\" height=\"1333\" src=\"https:\/\/efecomunica.efe.com\/wp-content\/uploads\/2026\/03\/efespthirteen337434-1-1.jpg\" class=\"attachment-full size-full wp-image-214013\" alt=\"\" data-attachment-id=\"214013\" data-permalink=\"https:\/\/efecomunica.efe.com\/pt-pt\/efespthirteen337434-1-jpg\/\" data-orig-file=\"https:\/\/efecomunica.efe.com\/wp-content\/uploads\/2026\/03\/efespthirteen337434-1-1.jpg\" data-orig-size=\"2000,1333\" data-comments-opened=\"0\" data-image-meta=\"{&quot;aperture&quot;:&quot;0&quot;,&quot;credit&quot;:&quot;&quot;,&quot;camera&quot;:&quot;&quot;,&quot;caption&quot;:&quot;&quot;,&quot;created_timestamp&quot;:&quot;0&quot;,&quot;copyright&quot;:&quot;&quot;,&quot;focal_length&quot;:&quot;0&quot;,&quot;iso&quot;:&quot;0&quot;,&quot;shutter_speed&quot;:&quot;0&quot;,&quot;title&quot;:&quot;&quot;,&quot;orientation&quot;:&quot;0&quot;}\" data-image-title=\"efespthirteen337434-1.jpg\" data-image-description=\"\" data-image-caption=\"\" data-large-file=\"https:\/\/efecomunica.efe.com\/wp-content\/uploads\/2026\/03\/efespthirteen337434-1-1-1024x682.jpg\" srcset=\"https:\/\/efecomunica.efe.com\/wp-content\/uploads\/2026\/03\/efespthirteen337434-1-1.jpg 2000w, https:\/\/efecomunica.efe.com\/wp-content\/uploads\/2026\/03\/efespthirteen337434-1-1-300x200.jpg 300w, https:\/\/efecomunica.efe.com\/wp-content\/uploads\/2026\/03\/efespthirteen337434-1-1-1024x682.jpg 1024w, https:\/\/efecomunica.efe.com\/wp-content\/uploads\/2026\/03\/efespthirteen337434-1-1-768x512.jpg 768w, https:\/\/efecomunica.efe.com\/wp-content\/uploads\/2026\/03\/efespthirteen337434-1-1-1120x746.jpg 1120w, https:\/\/efecomunica.efe.com\/wp-content\/uploads\/2026\/03\/efespthirteen337434-1-1-1536x1024.jpg 1536w, https:\/\/efecomunica.efe.com\/wp-content\/uploads\/2026\/03\/efespthirteen337434-1-1-430x286.jpg 430w\" sizes=\"(max-width: 2000px) 100vw, 2000px\" \/><\/figure><div class=\"elementor-image-box-content\"><h2 class=\"elementor-image-box-title\">Produ\u00e7\u00f5es em qualquer formato<\/h2><p class=\"elementor-image-box-description\">Organizamos seu evento, seja ele presencial, virtual ou misto. Desde um f\u00f3rum at\u00e9 um webinar, passando por uma apresenta\u00e7\u00e3o de resultados ou uma entrevista coletiva, fazemos o poss\u00edvel para que sua marca aumente sua notoriedade e presen\u00e7a nos ve\u00edculos de imprensa. Aplicamos todas as medidas de seguran\u00e7a necess\u00e1rias para garantir a sa\u00fade dos participantes dos eventos presenciais.<\/p><\/div><\/div>\t\t\t\t<\/div>\n\t\t\t\t<\/div>\n\t\t\t\t<div class=\"elementor-element elementor-element-00705a7 elementor-position-right elementor-vertical-align-middle elementor-widget elementor-widget-image-box\" data-id=\"00705a7\" data-element_type=\"widget\" data-e-type=\"widget\" data-widget_type=\"image-box.default\">\n\t\t\t\t<div class=\"elementor-widget-container\">\n\t\t\t\t\t<div class=\"elementor-image-box-wrapper\"><figure class=\"elementor-image-box-img\"><img decoding=\"async\" data-attachment-id=\"214022\" data-permalink=\"https:\/\/efecomunica.efe.com\/pt-pt\/expertos-para-moderacion-de-eventos-1-jpg\/\" data-orig-file=\"https:\/\/efecomunica.efe.com\/wp-content\/uploads\/2026\/03\/expertos-para-moderacion-de-eventos-1-1.jpg\" data-orig-size=\"1920,1215\" data-comments-opened=\"0\" data-image-meta=\"{&quot;aperture&quot;:&quot;0&quot;,&quot;credit&quot;:&quot;&quot;,&quot;camera&quot;:&quot;&quot;,&quot;caption&quot;:&quot;&quot;,&quot;created_timestamp&quot;:&quot;0&quot;,&quot;copyright&quot;:&quot;&quot;,&quot;focal_length&quot;:&quot;0&quot;,&quot;iso&quot;:&quot;0&quot;,&quot;shutter_speed&quot;:&quot;0&quot;,&quot;title&quot;:&quot;&quot;,&quot;orientation&quot;:&quot;0&quot;}\" data-image-title=\"expertos-para-moderacion-de-eventos-1.jpg\" data-image-description=\"\" data-image-caption=\"\" data-large-file=\"https:\/\/efecomunica.efe.com\/wp-content\/uploads\/2026\/03\/expertos-para-moderacion-de-eventos-1-1-1024x648.jpg\" width=\"1920\" height=\"1215\" src=\"https:\/\/efecomunica.efe.com\/wp-content\/uploads\/2026\/03\/expertos-para-moderacion-de-eventos-1-1.jpg\" class=\"attachment-full size-full wp-image-214022\" alt=\"\" data-attachment-id=\"214022\" data-permalink=\"https:\/\/efecomunica.efe.com\/pt-pt\/expertos-para-moderacion-de-eventos-1-jpg\/\" data-orig-file=\"https:\/\/efecomunica.efe.com\/wp-content\/uploads\/2026\/03\/expertos-para-moderacion-de-eventos-1-1.jpg\" data-orig-size=\"1920,1215\" data-comments-opened=\"0\" data-image-meta=\"{&quot;aperture&quot;:&quot;0&quot;,&quot;credit&quot;:&quot;&quot;,&quot;camera&quot;:&quot;&quot;,&quot;caption&quot;:&quot;&quot;,&quot;created_timestamp&quot;:&quot;0&quot;,&quot;copyright&quot;:&quot;&quot;,&quot;focal_length&quot;:&quot;0&quot;,&quot;iso&quot;:&quot;0&quot;,&quot;shutter_speed&quot;:&quot;0&quot;,&quot;title&quot;:&quot;&quot;,&quot;orientation&quot;:&quot;0&quot;}\" data-image-title=\"expertos-para-moderacion-de-eventos-1.jpg\" data-image-description=\"\" data-image-caption=\"\" data-large-file=\"https:\/\/efecomunica.efe.com\/wp-content\/uploads\/2026\/03\/expertos-para-moderacion-de-eventos-1-1-1024x648.jpg\" srcset=\"https:\/\/efecomunica.efe.com\/wp-content\/uploads\/2026\/03\/expertos-para-moderacion-de-eventos-1-1.jpg 1920w, https:\/\/efecomunica.efe.com\/wp-content\/uploads\/2026\/03\/expertos-para-moderacion-de-eventos-1-1-300x190.jpg 300w, https:\/\/efecomunica.efe.com\/wp-content\/uploads\/2026\/03\/expertos-para-moderacion-de-eventos-1-1-1024x648.jpg 1024w, https:\/\/efecomunica.efe.com\/wp-content\/uploads\/2026\/03\/expertos-para-moderacion-de-eventos-1-1-768x486.jpg 768w, https:\/\/efecomunica.efe.com\/wp-content\/uploads\/2026\/03\/expertos-para-moderacion-de-eventos-1-1-1120x709.jpg 1120w, https:\/\/efecomunica.efe.com\/wp-content\/uploads\/2026\/03\/expertos-para-moderacion-de-eventos-1-1-1536x972.jpg 1536w, https:\/\/efecomunica.efe.com\/wp-content\/uploads\/2026\/03\/expertos-para-moderacion-de-eventos-1-1-430x272.jpg 430w\" sizes=\"(max-width: 1920px) 100vw, 1920px\" \/><\/figure><div class=\"elementor-image-box-content\"><h2 class=\"elementor-image-box-title\">Especialistas para a modera\u00e7\u00e3o de eventos<\/h2><p class=\"elementor-image-box-description\">Dispomos de uma extensa rede de jornalistas especializados em todos os tipos de temas para a modera\u00e7\u00e3o e participa\u00e7\u00e3o em debates, f\u00f3runs ou mesas redondas. A ampla trajet\u00f3ria dos profissionais da Ag\u00eancia EFE contribuir\u00e1 com conhecimentos e experi\u00eancia a qualquer tipo de evento, seja ele presencial ou virtual.<\/p><\/div><\/div>\t\t\t\t<\/div>\n\t\t\t\t<\/div>\n\t\t\t\t\t<\/div>\n\t\t\t\t<\/div>\n\t\t\t\t<\/div>\n\t\t","protected":false},"excerpt":{"rendered":"<p>Eventos Produ\u00e7\u00f5es em qualquer formato Organizamos seu evento, seja ele presencial, virtual ou misto. Desde um f\u00f3rum at\u00e9 um webinar, passando por uma apresenta\u00e7\u00e3o de resultados ou uma entrevista coletiva, [&hellip;]<\/p>\n","protected":false},"author":198164071,"featured_media":0,"parent":0,"menu_order":0,"comment_status":"closed","ping_status":"closed","template":"","meta":{"_acf_changed":false,"footnotes":""},"class_list":["post-15994","page","type-page","status-publish","hentry"],"acf":[],"yoast_head":"<!-- This site is optimized with the Yoast SEO plugin v27.6 - https:\/\/yoast.com\/product\/yoast-seo-wordpress\/ -->\n<title>Eventos - EFE Comunica<\/title>\n<meta name=\"description\" content=\"Eventos Produ\u00e7\u00f5es em qualquer formatoOrganizamos seu evento, seja ele presencial, virtual ou misto. Desde um f\u00f3rum at\u00e9 um webinar, passando por uma\" \/>\n<meta name=\"robots\" content=\"index, follow, max-snippet:-1, max-image-preview:large, max-video-preview:-1\" \/>\n<link rel=\"canonical\" href=\"https:\/\/efecomunica.efe.com\/pt-pt\/eventos\/\" \/>\n<!-- \/ Yoast SEO plugin. -->","yoast_head_json":{"title":"Eventos - EFE Comunica","description":"Eventos Produ\u00e7\u00f5es em qualquer formatoOrganizamos seu evento, seja ele presencial, virtual ou misto. Desde um f\u00f3rum at\u00e9 um webinar, passando por uma","robots":{"index":"index","follow":"follow","max-snippet":"max-snippet:-1","max-image-preview":"max-image-preview:large","max-video-preview":"max-video-preview:-1"},"canonical":"https:\/\/efecomunica.efe.com\/pt-pt\/eventos\/","schema":{"@context":"https:\/\/schema.org","@graph":[{"@type":"WebPage","@id":"https:\/\/efecomunica.efe.com\/pt-pt\/eventos\/","url":"https:\/\/efecomunica.efe.com\/pt-pt\/eventos\/","name":"Eventos - EFE Comunica","isPartOf":{"@id":"https:\/\/efecomunica.efe.com\/#website"},"primaryImageOfPage":{"@id":"https:\/\/efecomunica.efe.com\/pt-pt\/eventos\/#primaryimage"},"image":{"@id":"https:\/\/efecomunica.efe.com\/pt-pt\/eventos\/#primaryimage"},"thumbnailUrl":"https:\/\/efecomunica.efe.com\/wp-content\/uploads\/2026\/03\/efespthirteen337434-1-1.jpg","datePublished":"2021-01-27T06:01:55+00:00","dateModified":"2026-03-16T10:56:52+00:00","description":"Eventos Produ\u00e7\u00f5es em qualquer formatoOrganizamos seu evento, seja ele presencial, virtual ou misto. Desde um f\u00f3rum at\u00e9 um webinar, passando por uma","breadcrumb":{"@id":"https:\/\/efecomunica.efe.com\/pt-pt\/eventos\/#breadcrumb"},"inLanguage":"pt-PT","potentialAction":[{"@type":"ReadAction","target":["https:\/\/efecomunica.efe.com\/pt-pt\/eventos\/"]}]},{"@type":"ImageObject","inLanguage":"pt-PT","@id":"https:\/\/efecomunica.efe.com\/pt-pt\/eventos\/#primaryimage","url":"https:\/\/efecomunica.efe.com\/wp-content\/uploads\/2026\/03\/efespthirteen337434-1-1.jpg","contentUrl":"https:\/\/efecomunica.efe.com\/wp-content\/uploads\/2026\/03\/efespthirteen337434-1-1.jpg"},{"@type":"BreadcrumbList","@id":"https:\/\/efecomunica.efe.com\/pt-pt\/eventos\/#breadcrumb","itemListElement":[{"@type":"ListItem","position":1,"name":"Portada","item":"https:\/\/efecomunica.efe.com\/pt-pt\/"},{"@type":"ListItem","position":2,"name":"Eventos"}]},{"@type":"WebSite","@id":"https:\/\/efecomunica.efe.com\/#website","url":"https:\/\/efecomunica.efe.com\/","name":"EFE Comunica","description":"Contenidos para empresas","publisher":{"@id":"https:\/\/efecomunica.efe.com\/#organization"},"potentialAction":[{"@type":"SearchAction","target":{"@type":"EntryPoint","urlTemplate":"https:\/\/efecomunica.efe.com\/?s={search_term_string}"},"query-input":{"@type":"PropertyValueSpecification","valueRequired":true,"valueName":"search_term_string"}}],"inLanguage":"pt-PT"},{"@type":"Organization","@id":"https:\/\/efecomunica.efe.com\/#organization","name":"EFE Comunica","url":"https:\/\/efecomunica.efe.com\/","logo":{"@type":"ImageObject","inLanguage":"pt-PT","@id":"https:\/\/efecomunica.efe.com\/#\/schema\/logo\/image\/","url":"https:\/\/efecomunica.efe.com\/wp-content\/uploads\/2020\/12\/Logo-EFE-Comunica_png.png","contentUrl":"https:\/\/efecomunica.efe.com\/wp-content\/uploads\/2020\/12\/Logo-EFE-Comunica_png.png","width":1080,"height":486,"caption":"EFE Comunica"},"image":{"@id":"https:\/\/efecomunica.efe.com\/#\/schema\/logo\/image\/"},"sameAs":["https:\/\/www.facebook.com\/EFEComunicaAgenciaEFE","https:\/\/x.com\/EFEcomunica","https:\/\/www.linkedin.com\/showcase\/efecomunica"]}]}},"jetpack_likes_enabled":true,"jetpack_shortlink":"https:\/\/wp.me\/PcEg1r-49Y","jetpack_sharing_enabled":true,"_links":{"self":[{"href":"https:\/\/efecomunica.efe.com\/pt-pt\/wp-json\/wp\/v2\/pages\/15994","targetHints":{"allow":["GET"]}}],"collection":[{"href":"https:\/\/efecomunica.efe.com\/pt-pt\/wp-json\/wp\/v2\/pages"}],"about":[{"href":"https:\/\/efecomunica.efe.com\/pt-pt\/wp-json\/wp\/v2\/types\/page"}],"author":[{"embeddable":true,"href":"https:\/\/efecomunica.efe.com\/pt-pt\/wp-json\/wp\/v2\/users\/198164071"}],"replies":[{"embeddable":true,"href":"https:\/\/efecomunica.efe.com\/pt-pt\/wp-json\/wp\/v2\/comments?post=15994"}],"version-history":[{"count":7,"href":"https:\/\/efecomunica.efe.com\/pt-pt\/wp-json\/wp\/v2\/pages\/15994\/revisions"}],"predecessor-version":[{"id":214025,"href":"https:\/\/efecomunica.efe.com\/pt-pt\/wp-json\/wp\/v2\/pages\/15994\/revisions\/214025"}],"wp:attachment":[{"href":"https:\/\/efecomunica.efe.com\/pt-pt\/wp-json\/wp\/v2\/media?parent=15994"}],"curies":[{"name":"wp","href":"https:\/\/api.w.org\/{rel}","templated":true}]}}