{"id":16000,"date":"2021-01-27T07:03:59","date_gmt":"2021-01-27T06:03:59","guid":{"rendered":"https:\/\/efecomunica.efe.com\/?page_id=16000"},"modified":"2026-03-16T12:21:54","modified_gmt":"2026-03-16T11:21:54","slug":"sala-de-prensa-virtual","status":"publish","type":"page","link":"https:\/\/efecomunica.efe.com\/pt-pt\/sala-de-prensa-virtual\/","title":{"rendered":"Sala de prensa virtual"},"content":{"rendered":"\t\t<div data-elementor-type=\"wp-page\" data-elementor-id=\"16000\" class=\"elementor elementor-16000\" data-elementor-post-type=\"page\">\n\t\t\t\t<div class=\"elementor-element elementor-element-eb8f721 e-flex e-con-boxed e-con e-parent\" data-id=\"eb8f721\" data-element_type=\"container\" data-e-type=\"container\" data-settings=\"{&quot;background_background&quot;:&quot;classic&quot;}\">\n\t\t\t\t\t<div class=\"e-con-inner\">\n\t\t\t\t<div class=\"elementor-element elementor-element-5c91d94 elementor-widget elementor-widget-heading\" data-id=\"5c91d94\" data-element_type=\"widget\" data-e-type=\"widget\" data-widget_type=\"heading.default\">\n\t\t\t\t<div class=\"elementor-widget-container\">\n\t\t\t\t\t<h2 class=\"elementor-heading-title elementor-size-default\">Sala de imprensa virtual<\/h2>\t\t\t\t<\/div>\n\t\t\t\t<\/div>\n\t\t\t\t\t<\/div>\n\t\t\t\t<\/div>\n\t\t<div class=\"elementor-element elementor-element-93fd75b servicios e-flex e-con-boxed e-con e-parent\" data-id=\"93fd75b\" data-element_type=\"container\" data-e-type=\"container\" data-settings=\"{&quot;background_background&quot;:&quot;classic&quot;}\">\n\t\t\t\t\t<div class=\"e-con-inner\">\n\t\t<div class=\"elementor-element elementor-element-b4babc6 e-con-full e-flex e-con e-child\" data-id=\"b4babc6\" data-element_type=\"container\" data-e-type=\"container\">\n\t\t\t\t<div class=\"elementor-element elementor-element-01b2714 elementor-position-left elementor-vertical-align-middle elementor-widget elementor-widget-image-box\" data-id=\"01b2714\" data-element_type=\"widget\" data-e-type=\"widget\" data-widget_type=\"image-box.default\">\n\t\t\t\t<div class=\"elementor-widget-container\">\n\t\t\t\t\t<div class=\"elementor-image-box-wrapper\"><figure class=\"elementor-image-box-img\"><img fetchpriority=\"high\" decoding=\"async\" data-attachment-id=\"214054\" data-permalink=\"https:\/\/efecomunica.efe.com\/pt-pt\/john-schnobrich-flpc9_vocj4-unsplash-1-jpg\/\" data-orig-file=\"https:\/\/efecomunica.efe.com\/wp-content\/uploads\/2026\/03\/john-schnobrich-FlPc9_VocJ4-unsplash-1-1.jpg\" data-orig-size=\"2000,1333\" data-comments-opened=\"0\" data-image-meta=\"{&quot;aperture&quot;:&quot;0&quot;,&quot;credit&quot;:&quot;&quot;,&quot;camera&quot;:&quot;&quot;,&quot;caption&quot;:&quot;&quot;,&quot;created_timestamp&quot;:&quot;0&quot;,&quot;copyright&quot;:&quot;&quot;,&quot;focal_length&quot;:&quot;0&quot;,&quot;iso&quot;:&quot;0&quot;,&quot;shutter_speed&quot;:&quot;0&quot;,&quot;title&quot;:&quot;&quot;,&quot;orientation&quot;:&quot;0&quot;}\" data-image-title=\"john-schnobrich-FlPc9_VocJ4-unsplash-1.jpg\" data-image-description=\"\" data-image-caption=\"\" data-large-file=\"https:\/\/efecomunica.efe.com\/wp-content\/uploads\/2026\/03\/john-schnobrich-FlPc9_VocJ4-unsplash-1-1-1024x682.jpg\" width=\"2000\" height=\"1333\" src=\"https:\/\/efecomunica.efe.com\/wp-content\/uploads\/2026\/03\/john-schnobrich-FlPc9_VocJ4-unsplash-1-1.jpg\" class=\"attachment-full size-full wp-image-214054\" alt=\"\" data-attachment-id=\"214054\" data-permalink=\"https:\/\/efecomunica.efe.com\/pt-pt\/john-schnobrich-flpc9_vocj4-unsplash-1-jpg\/\" data-orig-file=\"https:\/\/efecomunica.efe.com\/wp-content\/uploads\/2026\/03\/john-schnobrich-FlPc9_VocJ4-unsplash-1-1.jpg\" data-orig-size=\"2000,1333\" data-comments-opened=\"0\" data-image-meta=\"{&quot;aperture&quot;:&quot;0&quot;,&quot;credit&quot;:&quot;&quot;,&quot;camera&quot;:&quot;&quot;,&quot;caption&quot;:&quot;&quot;,&quot;created_timestamp&quot;:&quot;0&quot;,&quot;copyright&quot;:&quot;&quot;,&quot;focal_length&quot;:&quot;0&quot;,&quot;iso&quot;:&quot;0&quot;,&quot;shutter_speed&quot;:&quot;0&quot;,&quot;title&quot;:&quot;&quot;,&quot;orientation&quot;:&quot;0&quot;}\" data-image-title=\"john-schnobrich-FlPc9_VocJ4-unsplash-1.jpg\" data-image-description=\"\" data-image-caption=\"\" data-large-file=\"https:\/\/efecomunica.efe.com\/wp-content\/uploads\/2026\/03\/john-schnobrich-FlPc9_VocJ4-unsplash-1-1-1024x682.jpg\" srcset=\"https:\/\/efecomunica.efe.com\/wp-content\/uploads\/2026\/03\/john-schnobrich-FlPc9_VocJ4-unsplash-1-1.jpg 2000w, https:\/\/efecomunica.efe.com\/wp-content\/uploads\/2026\/03\/john-schnobrich-FlPc9_VocJ4-unsplash-1-1-300x200.jpg 300w, https:\/\/efecomunica.efe.com\/wp-content\/uploads\/2026\/03\/john-schnobrich-FlPc9_VocJ4-unsplash-1-1-1024x682.jpg 1024w, https:\/\/efecomunica.efe.com\/wp-content\/uploads\/2026\/03\/john-schnobrich-FlPc9_VocJ4-unsplash-1-1-768x512.jpg 768w, https:\/\/efecomunica.efe.com\/wp-content\/uploads\/2026\/03\/john-schnobrich-FlPc9_VocJ4-unsplash-1-1-1120x746.jpg 1120w, https:\/\/efecomunica.efe.com\/wp-content\/uploads\/2026\/03\/john-schnobrich-FlPc9_VocJ4-unsplash-1-1-1536x1024.jpg 1536w, https:\/\/efecomunica.efe.com\/wp-content\/uploads\/2026\/03\/john-schnobrich-FlPc9_VocJ4-unsplash-1-1-430x286.jpg 430w\" sizes=\"(max-width: 2000px) 100vw, 2000px\" \/><\/figure><div class=\"elementor-image-box-content\"><p class=\"elementor-image-box-description\">Criamos espa\u00e7os virtuais que funcionam como ponto de contato entre sua empresa e seus p\u00fablicos: ve\u00edculos de imprensa, acionistas, clientes e usu\u00e1rios. Podemos compartilhar os conte\u00fados considerados relevantes sobre sua organiza\u00e7\u00e3o ou sobre um evento ou projeto tempor\u00e1rio.<\/p><\/div><\/div>\t\t\t\t<\/div>\n\t\t\t\t<\/div>\n\t\t\t\t<\/div>\n\t\t\t\t\t<\/div>\n\t\t\t\t<\/div>\n\t\t\t\t<\/div>\n\t\t","protected":false},"excerpt":{"rendered":"<p>Sala de imprensa virtual Criamos espa\u00e7os virtuais que funcionam como ponto de contato entre sua empresa e seus p\u00fablicos: ve\u00edculos de imprensa, acionistas, clientes e usu\u00e1rios. Podemos compartilhar os conte\u00fados [&hellip;]<\/p>\n","protected":false},"author":198164071,"featured_media":0,"parent":0,"menu_order":0,"comment_status":"closed","ping_status":"closed","template":"","meta":{"_acf_changed":false,"jetpack_post_was_ever_published":false,"footnotes":""},"class_list":["post-16000","page","type-page","status-publish","hentry"],"acf":[],"yoast_head":"<!-- This site is optimized with the Yoast SEO plugin v27.3 - https:\/\/yoast.com\/product\/yoast-seo-wordpress\/ -->\n<title>Sala de prensa virtual - EFE Comunica<\/title>\n<meta name=\"description\" content=\"Sala de imprensa virtual Criamos espa\u00e7os virtuais que funcionam como ponto de contato entre sua empresa e seus p\u00fablicos: ve\u00edculos de imprensa, acionistas,\" \/>\n<meta name=\"robots\" content=\"index, follow, max-snippet:-1, max-image-preview:large, max-video-preview:-1\" \/>\n<link rel=\"canonical\" href=\"https:\/\/efecomunica.efe.com\/pt-pt\/sala-de-prensa-virtual\/\" \/>\n<!-- \/ Yoast SEO plugin. -->","yoast_head_json":{"title":"Sala de prensa virtual - EFE Comunica","description":"Sala de imprensa virtual Criamos espa\u00e7os virtuais que funcionam como ponto de contato entre sua empresa e seus p\u00fablicos: ve\u00edculos de imprensa, acionistas,","robots":{"index":"index","follow":"follow","max-snippet":"max-snippet:-1","max-image-preview":"max-image-preview:large","max-video-preview":"max-video-preview:-1"},"canonical":"https:\/\/efecomunica.efe.com\/pt-pt\/sala-de-prensa-virtual\/","schema":{"@context":"https:\/\/schema.org","@graph":[{"@type":"WebPage","@id":"https:\/\/efecomunica.efe.com\/pt-pt\/sala-de-prensa-virtual\/","url":"https:\/\/efecomunica.efe.com\/pt-pt\/sala-de-prensa-virtual\/","name":"Sala de prensa virtual - EFE Comunica","isPartOf":{"@id":"https:\/\/efecomunica.efe.com\/#website"},"primaryImageOfPage":{"@id":"https:\/\/efecomunica.efe.com\/pt-pt\/sala-de-prensa-virtual\/#primaryimage"},"image":{"@id":"https:\/\/efecomunica.efe.com\/pt-pt\/sala-de-prensa-virtual\/#primaryimage"},"thumbnailUrl":"https:\/\/efecomunica.efe.com\/wp-content\/uploads\/2026\/03\/john-schnobrich-FlPc9_VocJ4-unsplash-1-1.jpg","datePublished":"2021-01-27T06:03:59+00:00","dateModified":"2026-03-16T11:21:54+00:00","description":"Sala de imprensa virtual Criamos espa\u00e7os virtuais que funcionam como ponto de contato entre sua empresa e seus p\u00fablicos: ve\u00edculos de imprensa, acionistas,","breadcrumb":{"@id":"https:\/\/efecomunica.efe.com\/pt-pt\/sala-de-prensa-virtual\/#breadcrumb"},"inLanguage":"pt-PT","potentialAction":[{"@type":"ReadAction","target":["https:\/\/efecomunica.efe.com\/pt-pt\/sala-de-prensa-virtual\/"]}]},{"@type":"ImageObject","inLanguage":"pt-PT","@id":"https:\/\/efecomunica.efe.com\/pt-pt\/sala-de-prensa-virtual\/#primaryimage","url":"https:\/\/efecomunica.efe.com\/wp-content\/uploads\/2026\/03\/john-schnobrich-FlPc9_VocJ4-unsplash-1-1.jpg","contentUrl":"https:\/\/efecomunica.efe.com\/wp-content\/uploads\/2026\/03\/john-schnobrich-FlPc9_VocJ4-unsplash-1-1.jpg"},{"@type":"BreadcrumbList","@id":"https:\/\/efecomunica.efe.com\/pt-pt\/sala-de-prensa-virtual\/#breadcrumb","itemListElement":[{"@type":"ListItem","position":1,"name":"Portada","item":"https:\/\/efecomunica.efe.com\/pt-pt\/"},{"@type":"ListItem","position":2,"name":"Sala de prensa virtual"}]},{"@type":"WebSite","@id":"https:\/\/efecomunica.efe.com\/#website","url":"https:\/\/efecomunica.efe.com\/","name":"EFE Comunica","description":"Contenidos para empresas","publisher":{"@id":"https:\/\/efecomunica.efe.com\/#organization"},"potentialAction":[{"@type":"SearchAction","target":{"@type":"EntryPoint","urlTemplate":"https:\/\/efecomunica.efe.com\/?s={search_term_string}"},"query-input":{"@type":"PropertyValueSpecification","valueRequired":true,"valueName":"search_term_string"}}],"inLanguage":"pt-PT"},{"@type":"Organization","@id":"https:\/\/efecomunica.efe.com\/#organization","name":"EFE Comunica","url":"https:\/\/efecomunica.efe.com\/","logo":{"@type":"ImageObject","inLanguage":"pt-PT","@id":"https:\/\/efecomunica.efe.com\/#\/schema\/logo\/image\/","url":"https:\/\/efecomunica.efe.com\/wp-content\/uploads\/2020\/12\/Logo-EFE-Comunica_png.png","contentUrl":"https:\/\/efecomunica.efe.com\/wp-content\/uploads\/2020\/12\/Logo-EFE-Comunica_png.png","width":1080,"height":486,"caption":"EFE Comunica"},"image":{"@id":"https:\/\/efecomunica.efe.com\/#\/schema\/logo\/image\/"},"sameAs":["https:\/\/www.facebook.com\/EFEComunicaAgenciaEFE","https:\/\/x.com\/EFEcomunica","https:\/\/www.linkedin.com\/showcase\/efecomunica"]}]}},"jetpack_likes_enabled":true,"jetpack_shortlink":"https:\/\/wp.me\/PcEg1r-4a4","jetpack_sharing_enabled":true,"_links":{"self":[{"href":"https:\/\/efecomunica.efe.com\/pt-pt\/wp-json\/wp\/v2\/pages\/16000","targetHints":{"allow":["GET"]}}],"collection":[{"href":"https:\/\/efecomunica.efe.com\/pt-pt\/wp-json\/wp\/v2\/pages"}],"about":[{"href":"https:\/\/efecomunica.efe.com\/pt-pt\/wp-json\/wp\/v2\/types\/page"}],"author":[{"embeddable":true,"href":"https:\/\/efecomunica.efe.com\/pt-pt\/wp-json\/wp\/v2\/users\/198164071"}],"replies":[{"embeddable":true,"href":"https:\/\/efecomunica.efe.com\/pt-pt\/wp-json\/wp\/v2\/comments?post=16000"}],"version-history":[{"count":7,"href":"https:\/\/efecomunica.efe.com\/pt-pt\/wp-json\/wp\/v2\/pages\/16000\/revisions"}],"predecessor-version":[{"id":214057,"href":"https:\/\/efecomunica.efe.com\/pt-pt\/wp-json\/wp\/v2\/pages\/16000\/revisions\/214057"}],"wp:attachment":[{"href":"https:\/\/efecomunica.efe.com\/pt-pt\/wp-json\/wp\/v2\/media?parent=16000"}],"curies":[{"name":"wp","href":"https:\/\/api.w.org\/{rel}","templated":true}]}}