{"id":16006,"date":"2021-01-27T07:05:46","date_gmt":"2021-01-27T06:05:46","guid":{"rendered":"https:\/\/efecomunica.efe.com\/?page_id=16006"},"modified":"2026-03-16T11:55:31","modified_gmt":"2026-03-16T10:55:31","slug":"consultoria-de-comunicacion","status":"publish","type":"page","link":"https:\/\/efecomunica.efe.com\/pt-pt\/consultoria-de-comunicacion\/","title":{"rendered":"Consultor\u00eda de comunicaci\u00f3n"},"content":{"rendered":"\t\t<div data-elementor-type=\"wp-page\" data-elementor-id=\"16006\" class=\"elementor elementor-16006\" data-elementor-post-type=\"page\">\n\t\t\t\t<div class=\"elementor-element elementor-element-cb41daa e-flex e-con-boxed e-con e-parent\" data-id=\"cb41daa\" data-element_type=\"container\" data-e-type=\"container\" data-settings=\"{&quot;background_background&quot;:&quot;classic&quot;}\">\n\t\t\t\t\t<div class=\"e-con-inner\">\n\t\t\t\t<div class=\"elementor-element elementor-element-cdcfe8d elementor-widget elementor-widget-heading\" data-id=\"cdcfe8d\" data-element_type=\"widget\" data-e-type=\"widget\" data-widget_type=\"heading.default\">\n\t\t\t\t<div class=\"elementor-widget-container\">\n\t\t\t\t\t<h2 class=\"elementor-heading-title elementor-size-default\">Consultoria de comunica\u00e7\u00e3o<\/h2>\t\t\t\t<\/div>\n\t\t\t\t<\/div>\n\t\t\t\t\t<\/div>\n\t\t\t\t<\/div>\n\t\t<div class=\"elementor-element elementor-element-6eb528a servicios e-flex e-con-boxed e-con e-parent\" data-id=\"6eb528a\" data-element_type=\"container\" data-e-type=\"container\" data-settings=\"{&quot;background_background&quot;:&quot;classic&quot;}\">\n\t\t\t\t\t<div class=\"e-con-inner\">\n\t\t\t\t<div class=\"elementor-element elementor-element-41e8314 elementor-position-left elementor-vertical-align-middle elementor-widget elementor-widget-image-box\" data-id=\"41e8314\" data-element_type=\"widget\" data-e-type=\"widget\" data-widget_type=\"image-box.default\">\n\t\t\t\t<div class=\"elementor-widget-container\">\n\t\t\t\t\t<div class=\"elementor-image-box-wrapper\"><figure class=\"elementor-image-box-img\"><img fetchpriority=\"high\" decoding=\"async\" data-attachment-id=\"214014\" data-permalink=\"https:\/\/efecomunica.efe.com\/pt-pt\/you-x-ventures-x8h8vpcelpk-unsplash-1-jpg\/\" data-orig-file=\"https:\/\/efecomunica.efe.com\/wp-content\/uploads\/2026\/03\/you-x-ventures-X8H8vPcelPk-unsplash-1-1.jpg\" data-orig-size=\"2000,1334\" data-comments-opened=\"0\" data-image-meta=\"{&quot;aperture&quot;:&quot;0&quot;,&quot;credit&quot;:&quot;&quot;,&quot;camera&quot;:&quot;&quot;,&quot;caption&quot;:&quot;&quot;,&quot;created_timestamp&quot;:&quot;0&quot;,&quot;copyright&quot;:&quot;&quot;,&quot;focal_length&quot;:&quot;0&quot;,&quot;iso&quot;:&quot;0&quot;,&quot;shutter_speed&quot;:&quot;0&quot;,&quot;title&quot;:&quot;&quot;,&quot;orientation&quot;:&quot;0&quot;}\" data-image-title=\"you-x-ventures-X8H8vPcelPk-unsplash-1.jpg\" data-image-description=\"\" data-image-caption=\"\" data-large-file=\"https:\/\/efecomunica.efe.com\/wp-content\/uploads\/2026\/03\/you-x-ventures-X8H8vPcelPk-unsplash-1-1-1024x683.jpg\" width=\"2000\" height=\"1334\" src=\"https:\/\/efecomunica.efe.com\/wp-content\/uploads\/2026\/03\/you-x-ventures-X8H8vPcelPk-unsplash-1-1.jpg\" class=\"attachment-full size-full wp-image-214014\" alt=\"\" data-attachment-id=\"214014\" data-permalink=\"https:\/\/efecomunica.efe.com\/pt-pt\/you-x-ventures-x8h8vpcelpk-unsplash-1-jpg\/\" data-orig-file=\"https:\/\/efecomunica.efe.com\/wp-content\/uploads\/2026\/03\/you-x-ventures-X8H8vPcelPk-unsplash-1-1.jpg\" data-orig-size=\"2000,1334\" data-comments-opened=\"0\" data-image-meta=\"{&quot;aperture&quot;:&quot;0&quot;,&quot;credit&quot;:&quot;&quot;,&quot;camera&quot;:&quot;&quot;,&quot;caption&quot;:&quot;&quot;,&quot;created_timestamp&quot;:&quot;0&quot;,&quot;copyright&quot;:&quot;&quot;,&quot;focal_length&quot;:&quot;0&quot;,&quot;iso&quot;:&quot;0&quot;,&quot;shutter_speed&quot;:&quot;0&quot;,&quot;title&quot;:&quot;&quot;,&quot;orientation&quot;:&quot;0&quot;}\" data-image-title=\"you-x-ventures-X8H8vPcelPk-unsplash-1.jpg\" data-image-description=\"\" data-image-caption=\"\" data-large-file=\"https:\/\/efecomunica.efe.com\/wp-content\/uploads\/2026\/03\/you-x-ventures-X8H8vPcelPk-unsplash-1-1-1024x683.jpg\" srcset=\"https:\/\/efecomunica.efe.com\/wp-content\/uploads\/2026\/03\/you-x-ventures-X8H8vPcelPk-unsplash-1-1.jpg 2000w, https:\/\/efecomunica.efe.com\/wp-content\/uploads\/2026\/03\/you-x-ventures-X8H8vPcelPk-unsplash-1-1-300x200.jpg 300w, https:\/\/efecomunica.efe.com\/wp-content\/uploads\/2026\/03\/you-x-ventures-X8H8vPcelPk-unsplash-1-1-1024x683.jpg 1024w, https:\/\/efecomunica.efe.com\/wp-content\/uploads\/2026\/03\/you-x-ventures-X8H8vPcelPk-unsplash-1-1-768x512.jpg 768w, https:\/\/efecomunica.efe.com\/wp-content\/uploads\/2026\/03\/you-x-ventures-X8H8vPcelPk-unsplash-1-1-1120x747.jpg 1120w, https:\/\/efecomunica.efe.com\/wp-content\/uploads\/2026\/03\/you-x-ventures-X8H8vPcelPk-unsplash-1-1-1536x1025.jpg 1536w, https:\/\/efecomunica.efe.com\/wp-content\/uploads\/2026\/03\/you-x-ventures-X8H8vPcelPk-unsplash-1-1-430x286.jpg 430w\" sizes=\"(max-width: 2000px) 100vw, 2000px\" \/><\/figure><div class=\"elementor-image-box-content\"><h2 class=\"elementor-image-box-title\">Assessoria<\/h2><p class=\"elementor-image-box-description\">Ajudamos sua organiza\u00e7\u00e3o a posicionar sua marca, construir sua imagem p\u00fablica ou refor\u00e7ar sua notoriedade. Gra\u00e7as \u00e0 nossa ampla experi\u00eancia, oferecemos assessoria em cada uma das fases do seu projeto para gerar produtos finais adaptados \u00e0s suas necessidades e \u00e0s do seu p\u00fablico.  <\/p><\/div><\/div>\t\t\t\t<\/div>\n\t\t\t\t<\/div>\n\t\t\t\t<div class=\"elementor-element elementor-element-05dad41 elementor-position-right elementor-vertical-align-middle elementor-widget elementor-widget-image-box\" data-id=\"05dad41\" data-element_type=\"widget\" data-e-type=\"widget\" data-widget_type=\"image-box.default\">\n\t\t\t\t<div class=\"elementor-widget-container\">\n\t\t\t\t\t<div class=\"elementor-image-box-wrapper\"><figure class=\"elementor-image-box-img\"><img decoding=\"async\" data-attachment-id=\"214018\" data-permalink=\"https:\/\/efecomunica.efe.com\/pt-pt\/formacion-de-portavoces-1-jpg\/\" data-orig-file=\"https:\/\/efecomunica.efe.com\/wp-content\/uploads\/2026\/03\/formacion-de-portavoces-1-1.jpg\" data-orig-size=\"1920,1267\" data-comments-opened=\"0\" data-image-meta=\"{&quot;aperture&quot;:&quot;0&quot;,&quot;credit&quot;:&quot;&quot;,&quot;camera&quot;:&quot;&quot;,&quot;caption&quot;:&quot;&quot;,&quot;created_timestamp&quot;:&quot;0&quot;,&quot;copyright&quot;:&quot;&quot;,&quot;focal_length&quot;:&quot;0&quot;,&quot;iso&quot;:&quot;0&quot;,&quot;shutter_speed&quot;:&quot;0&quot;,&quot;title&quot;:&quot;&quot;,&quot;orientation&quot;:&quot;0&quot;}\" data-image-title=\"formacion-de-portavoces-1.jpg\" data-image-description=\"\" data-image-caption=\"\" data-large-file=\"https:\/\/efecomunica.efe.com\/wp-content\/uploads\/2026\/03\/formacion-de-portavoces-1-1-1024x676.jpg\" width=\"1920\" height=\"1267\" src=\"https:\/\/efecomunica.efe.com\/wp-content\/uploads\/2026\/03\/formacion-de-portavoces-1-1.jpg\" class=\"attachment-full size-full wp-image-214018\" alt=\"\" data-attachment-id=\"214018\" data-permalink=\"https:\/\/efecomunica.efe.com\/pt-pt\/formacion-de-portavoces-1-jpg\/\" data-orig-file=\"https:\/\/efecomunica.efe.com\/wp-content\/uploads\/2026\/03\/formacion-de-portavoces-1-1.jpg\" data-orig-size=\"1920,1267\" data-comments-opened=\"0\" data-image-meta=\"{&quot;aperture&quot;:&quot;0&quot;,&quot;credit&quot;:&quot;&quot;,&quot;camera&quot;:&quot;&quot;,&quot;caption&quot;:&quot;&quot;,&quot;created_timestamp&quot;:&quot;0&quot;,&quot;copyright&quot;:&quot;&quot;,&quot;focal_length&quot;:&quot;0&quot;,&quot;iso&quot;:&quot;0&quot;,&quot;shutter_speed&quot;:&quot;0&quot;,&quot;title&quot;:&quot;&quot;,&quot;orientation&quot;:&quot;0&quot;}\" data-image-title=\"formacion-de-portavoces-1.jpg\" data-image-description=\"\" data-image-caption=\"\" data-large-file=\"https:\/\/efecomunica.efe.com\/wp-content\/uploads\/2026\/03\/formacion-de-portavoces-1-1-1024x676.jpg\" srcset=\"https:\/\/efecomunica.efe.com\/wp-content\/uploads\/2026\/03\/formacion-de-portavoces-1-1.jpg 1920w, https:\/\/efecomunica.efe.com\/wp-content\/uploads\/2026\/03\/formacion-de-portavoces-1-1-300x198.jpg 300w, https:\/\/efecomunica.efe.com\/wp-content\/uploads\/2026\/03\/formacion-de-portavoces-1-1-1024x676.jpg 1024w, https:\/\/efecomunica.efe.com\/wp-content\/uploads\/2026\/03\/formacion-de-portavoces-1-1-768x507.jpg 768w, https:\/\/efecomunica.efe.com\/wp-content\/uploads\/2026\/03\/formacion-de-portavoces-1-1-1120x739.jpg 1120w, https:\/\/efecomunica.efe.com\/wp-content\/uploads\/2026\/03\/formacion-de-portavoces-1-1-1536x1014.jpg 1536w, https:\/\/efecomunica.efe.com\/wp-content\/uploads\/2026\/03\/formacion-de-portavoces-1-1-430x284.jpg 430w\" sizes=\"(max-width: 1920px) 100vw, 1920px\" \/><\/figure><div class=\"elementor-image-box-content\"><h2 class=\"elementor-image-box-title\">Forma\u00e7\u00e3o de porta-vozes<\/h2><p class=\"elementor-image-box-description\">Recemos atividades de treinamento para melhorar as habilidades de comunica\u00e7\u00e3o dos representantes de institui\u00e7\u00f5es e empresas. Conseguir se pronunciar de forma mais eficaz em um ambiente competitivo, gerenciar os tempos de resposta e usar a linguagem n\u00e3o verbal de um modo adequado s\u00e3o alguns dos recursos nos quais podemos assessorar.<\/p><\/div><\/div>\t\t\t\t<\/div>\n\t\t\t\t<\/div>\n\t\t\t\t\t<\/div>\n\t\t\t\t<\/div>\n\t\t\t\t<\/div>\n\t\t","protected":false},"excerpt":{"rendered":"<p>Consultoria de comunica\u00e7\u00e3o Assessoria Ajudamos sua organiza\u00e7\u00e3o a posicionar sua marca, construir sua imagem p\u00fablica ou refor\u00e7ar sua notoriedade. Gra\u00e7as \u00e0 nossa ampla experi\u00eancia, oferecemos assessoria em cada uma das [&hellip;]<\/p>\n","protected":false},"author":198164071,"featured_media":0,"parent":0,"menu_order":0,"comment_status":"closed","ping_status":"closed","template":"","meta":{"_acf_changed":false,"jetpack_post_was_ever_published":false,"footnotes":""},"class_list":["post-16006","page","type-page","status-publish","hentry"],"acf":[],"yoast_head":"<!-- This site is optimized with the Yoast SEO plugin v27.3 - https:\/\/yoast.com\/product\/yoast-seo-wordpress\/ -->\n<title>Consultor\u00eda de comunicaci\u00f3n - EFE Comunica<\/title>\n<meta name=\"description\" content=\"Consultoria de comunica\u00e7\u00e3o AssessoriaAjudamos sua organiza\u00e7\u00e3o a posicionar sua marca, construir sua imagem p\u00fablica ou refor\u00e7ar sua notoriedade. Gra\u00e7as \u00e0\" \/>\n<meta name=\"robots\" content=\"index, follow, max-snippet:-1, max-image-preview:large, max-video-preview:-1\" \/>\n<link rel=\"canonical\" href=\"https:\/\/efecomunica.efe.com\/pt-pt\/consultoria-de-comunicacion\/\" \/>\n<!-- \/ Yoast SEO plugin. -->","yoast_head_json":{"title":"Consultor\u00eda de comunicaci\u00f3n - EFE Comunica","description":"Consultoria de comunica\u00e7\u00e3o AssessoriaAjudamos sua organiza\u00e7\u00e3o a posicionar sua marca, construir sua imagem p\u00fablica ou refor\u00e7ar sua notoriedade. Gra\u00e7as \u00e0","robots":{"index":"index","follow":"follow","max-snippet":"max-snippet:-1","max-image-preview":"max-image-preview:large","max-video-preview":"max-video-preview:-1"},"canonical":"https:\/\/efecomunica.efe.com\/pt-pt\/consultoria-de-comunicacion\/","schema":{"@context":"https:\/\/schema.org","@graph":[{"@type":"WebPage","@id":"https:\/\/efecomunica.efe.com\/pt-pt\/consultoria-de-comunicacion\/","url":"https:\/\/efecomunica.efe.com\/pt-pt\/consultoria-de-comunicacion\/","name":"Consultor\u00eda de comunicaci\u00f3n - EFE Comunica","isPartOf":{"@id":"https:\/\/efecomunica.efe.com\/#website"},"primaryImageOfPage":{"@id":"https:\/\/efecomunica.efe.com\/pt-pt\/consultoria-de-comunicacion\/#primaryimage"},"image":{"@id":"https:\/\/efecomunica.efe.com\/pt-pt\/consultoria-de-comunicacion\/#primaryimage"},"thumbnailUrl":"https:\/\/efecomunica.efe.com\/wp-content\/uploads\/2026\/03\/you-x-ventures-X8H8vPcelPk-unsplash-1-1.jpg","datePublished":"2021-01-27T06:05:46+00:00","dateModified":"2026-03-16T10:55:31+00:00","description":"Consultoria de comunica\u00e7\u00e3o AssessoriaAjudamos sua organiza\u00e7\u00e3o a posicionar sua marca, construir sua imagem p\u00fablica ou refor\u00e7ar sua notoriedade. Gra\u00e7as \u00e0","breadcrumb":{"@id":"https:\/\/efecomunica.efe.com\/pt-pt\/consultoria-de-comunicacion\/#breadcrumb"},"inLanguage":"pt-PT","potentialAction":[{"@type":"ReadAction","target":["https:\/\/efecomunica.efe.com\/pt-pt\/consultoria-de-comunicacion\/"]}]},{"@type":"ImageObject","inLanguage":"pt-PT","@id":"https:\/\/efecomunica.efe.com\/pt-pt\/consultoria-de-comunicacion\/#primaryimage","url":"https:\/\/efecomunica.efe.com\/wp-content\/uploads\/2026\/03\/you-x-ventures-X8H8vPcelPk-unsplash-1-1.jpg","contentUrl":"https:\/\/efecomunica.efe.com\/wp-content\/uploads\/2026\/03\/you-x-ventures-X8H8vPcelPk-unsplash-1-1.jpg"},{"@type":"BreadcrumbList","@id":"https:\/\/efecomunica.efe.com\/pt-pt\/consultoria-de-comunicacion\/#breadcrumb","itemListElement":[{"@type":"ListItem","position":1,"name":"Portada","item":"https:\/\/efecomunica.efe.com\/pt-pt\/"},{"@type":"ListItem","position":2,"name":"Consultor\u00eda de comunicaci\u00f3n"}]},{"@type":"WebSite","@id":"https:\/\/efecomunica.efe.com\/#website","url":"https:\/\/efecomunica.efe.com\/","name":"EFE Comunica","description":"Contenidos para empresas","publisher":{"@id":"https:\/\/efecomunica.efe.com\/#organization"},"potentialAction":[{"@type":"SearchAction","target":{"@type":"EntryPoint","urlTemplate":"https:\/\/efecomunica.efe.com\/?s={search_term_string}"},"query-input":{"@type":"PropertyValueSpecification","valueRequired":true,"valueName":"search_term_string"}}],"inLanguage":"pt-PT"},{"@type":"Organization","@id":"https:\/\/efecomunica.efe.com\/#organization","name":"EFE Comunica","url":"https:\/\/efecomunica.efe.com\/","logo":{"@type":"ImageObject","inLanguage":"pt-PT","@id":"https:\/\/efecomunica.efe.com\/#\/schema\/logo\/image\/","url":"https:\/\/efecomunica.efe.com\/wp-content\/uploads\/2020\/12\/Logo-EFE-Comunica_png.png","contentUrl":"https:\/\/efecomunica.efe.com\/wp-content\/uploads\/2020\/12\/Logo-EFE-Comunica_png.png","width":1080,"height":486,"caption":"EFE Comunica"},"image":{"@id":"https:\/\/efecomunica.efe.com\/#\/schema\/logo\/image\/"},"sameAs":["https:\/\/www.facebook.com\/EFEComunicaAgenciaEFE","https:\/\/x.com\/EFEcomunica","https:\/\/www.linkedin.com\/showcase\/efecomunica"]}]}},"jetpack_likes_enabled":true,"jetpack_shortlink":"https:\/\/wp.me\/PcEg1r-4aa","jetpack_sharing_enabled":true,"_links":{"self":[{"href":"https:\/\/efecomunica.efe.com\/pt-pt\/wp-json\/wp\/v2\/pages\/16006","targetHints":{"allow":["GET"]}}],"collection":[{"href":"https:\/\/efecomunica.efe.com\/pt-pt\/wp-json\/wp\/v2\/pages"}],"about":[{"href":"https:\/\/efecomunica.efe.com\/pt-pt\/wp-json\/wp\/v2\/types\/page"}],"author":[{"embeddable":true,"href":"https:\/\/efecomunica.efe.com\/pt-pt\/wp-json\/wp\/v2\/users\/198164071"}],"replies":[{"embeddable":true,"href":"https:\/\/efecomunica.efe.com\/pt-pt\/wp-json\/wp\/v2\/comments?post=16006"}],"version-history":[{"count":7,"href":"https:\/\/efecomunica.efe.com\/pt-pt\/wp-json\/wp\/v2\/pages\/16006\/revisions"}],"predecessor-version":[{"id":214021,"href":"https:\/\/efecomunica.efe.com\/pt-pt\/wp-json\/wp\/v2\/pages\/16006\/revisions\/214021"}],"wp:attachment":[{"href":"https:\/\/efecomunica.efe.com\/pt-pt\/wp-json\/wp\/v2\/media?parent=16006"}],"curies":[{"name":"wp","href":"https:\/\/api.w.org\/{rel}","templated":true}]}}